{"id":383,"date":"2021-10-22T21:08:04","date_gmt":"2021-10-22T20:08:04","guid":{"rendered":"http:\/\/leclercmichel.fr\/?page_id=383"},"modified":"2022-01-02T12:26:01","modified_gmt":"2022-01-02T11:26:01","slug":"polish-portrait","status":"publish","type":"page","link":"https:\/\/leclercmichel.fr\/fr\/polish-portrait\/","title":{"rendered":"Michel Leclerc &#8211; Polish Portrait"},"content":{"rendered":"<div data-elementor-type=\"wp-page\" data-elementor-id=\"383\" class=\"elementor elementor-383\">\n\t\t\t\t\t\t<section class=\"elementor-section elementor-top-section elementor-element elementor-element-60b81abd elementor-section-boxed elementor-section-height-default elementor-section-height-default\" data-id=\"60b81abd\" data-element_type=\"section\" data-e-type=\"section\">\n\t\t\t\t\t\t<div class=\"elementor-container elementor-column-gap-default\">\n\t\t\t\t\t<div class=\"elementor-column elementor-col-100 elementor-top-column elementor-element elementor-element-23e17cdf\" data-id=\"23e17cdf\" data-element_type=\"column\" data-e-type=\"column\">\n\t\t\t<div class=\"elementor-widget-wrap elementor-element-populated\">\n\t\t\t\t\t\t<div class=\"elementor-element elementor-element-4baa91dc elementor-widget elementor-widget-text-editor\" data-id=\"4baa91dc\" data-element_type=\"widget\" data-e-type=\"widget\" data-widget_type=\"text-editor.default\">\n\t\t\t\t<div class=\"elementor-widget-container\">\n\t\t\t\t\t\t\t\t\t<p><\/p>\n<p style=\"text-align: left;\">Le premier jour de ma retraite, je me suis mis \u00e0 \u00e9tudier la <a href=\"https:\/\/fr.wikipedia.org\/wiki\/Pologne\">Pologne<\/a> , pays que je ne connaissais pas. C'est ainsi que j'ai appris le polonais \u00e0 l'universit\u00e9 de Lille et en 2020, j'ai re\u00e7u mon dipl\u00f4me de master en \u00e9tudes slaves. Chaque ann\u00e9e, je rends visite \u00e0 la famille polonaise rest\u00e9e en Pologne. Le r\u00e9sutat est que je suis all\u00e9 dans le pays plusieurs fois par an avec mon appareil photo en bandouli\u00e8re, pr\u00eat \u00e0 saisir des sc\u00e8nes int\u00e9ressantes.<\/p>\n<p>Sur ce site vous trouverez quelques <a href=\"https:\/\/leclercmichel.fr\/fr\/poland\/\">Photos de Pologne<\/a> qui montrent le pays de mes anc\u00eatres.<\/p>\n<p>Un de mes fils habite \u00e0 <a href=\"https:\/\/fr.wikipedia.org\/wiki\/Prague\">Prague<\/a> en R\u00e9publique tch\u00e8que. Il y fonda une famille. Je profite de mes visites \u00e0 Prague pour fl\u00e2ner dans la ville et prendre des <a href=\"https:\/\/leclercmichel.fr\/fr\/prague\/\">Photos de sc\u00e8nes<\/a> qui me touchent. Je vous en montre quelques unes sur ce site.<\/p>\n<p>Enfin, je vous montre des photos d'endroits o\u00f9 je vis en France, la r\u00e9gion de <a href=\"https:\/\/leclercmichel.fr\/fr\/giants-in-lille\/\">Lille<\/a> dans le nord de la France et la r\u00e9gion de <a href=\"https:\/\/leclercmichel.fr\/fr\/sete\/\">S\u00e8te<\/a> dans le sud de la France<\/p>\n<p><\/p>\t\t\t\t\t\t\t\t<\/div>\n\t\t\t\t<\/div>\n\t\t\t\t\t<\/div>\n\t\t<\/div>\n\t\t\t\t\t<\/div>\n\t\t<\/section>\n\t\t\t\t<\/div>","protected":false},"excerpt":{"rendered":"<p>On the first day of my retirement, I started to learn about Poland that I didn\u2019t Know. Thus,\u00a0 I have been studying Polish at the University of Lille and in 2020 I received my master in Slavic studies. Every year, I visit my distant Polish family in Poland. In result, I have been visiting this [&hellip;]<\/p>\n","protected":false},"author":1,"featured_media":0,"parent":0,"menu_order":0,"comment_status":"closed","ping_status":"closed","template":"","meta":{"ocean_post_layout":"","ocean_both_sidebars_style":"","ocean_both_sidebars_content_width":0,"ocean_both_sidebars_sidebars_width":0,"ocean_sidebar":"0","ocean_second_sidebar":"0","ocean_disable_margins":"enable","ocean_add_body_class":"","ocean_shortcode_before_top_bar":"","ocean_shortcode_after_top_bar":"","ocean_shortcode_before_header":"","ocean_shortcode_after_header":"","ocean_has_shortcode":"","ocean_shortcode_after_title":"","ocean_shortcode_before_footer_widgets":"","ocean_shortcode_after_footer_widgets":"","ocean_shortcode_before_footer_bottom":"","ocean_shortcode_after_footer_bottom":"","ocean_display_top_bar":"default","ocean_display_header":"default","ocean_header_style":"minimal","ocean_center_header_left_menu":"0","ocean_custom_header_template":"0","ocean_custom_logo":0,"ocean_custom_retina_logo":0,"ocean_custom_logo_max_width":0,"ocean_custom_logo_tablet_max_width":0,"ocean_custom_logo_mobile_max_width":0,"ocean_custom_logo_max_height":0,"ocean_custom_logo_tablet_max_height":0,"ocean_custom_logo_mobile_max_height":0,"ocean_header_custom_menu":"0","ocean_menu_typo_font_family":"0","ocean_menu_typo_font_subset":"","ocean_menu_typo_font_size":0,"ocean_menu_typo_font_size_tablet":0,"ocean_menu_typo_font_size_mobile":0,"ocean_menu_typo_font_size_unit":"px","ocean_menu_typo_font_weight":"","ocean_menu_typo_font_weight_tablet":"","ocean_menu_typo_font_weight_mobile":"","ocean_menu_typo_transform":"","ocean_menu_typo_transform_tablet":"","ocean_menu_typo_transform_mobile":"","ocean_menu_typo_line_height":0,"ocean_menu_typo_line_height_tablet":0,"ocean_menu_typo_line_height_mobile":0,"ocean_menu_typo_line_height_unit":"","ocean_menu_typo_spacing":0,"ocean_menu_typo_spacing_tablet":0,"ocean_menu_typo_spacing_mobile":0,"ocean_menu_typo_spacing_unit":"","ocean_menu_link_color":"","ocean_menu_link_color_hover":"","ocean_menu_link_color_active":"","ocean_menu_link_background":"","ocean_menu_link_hover_background":"","ocean_menu_link_active_background":"","ocean_menu_social_links_bg":"","ocean_menu_social_hover_links_bg":"","ocean_menu_social_links_color":"","ocean_menu_social_hover_links_color":"","ocean_disable_title":"default","ocean_disable_heading":"default","ocean_post_title":"","ocean_post_subheading":"","ocean_post_title_style":"","ocean_post_title_background_color":"","ocean_post_title_background":0,"ocean_post_title_bg_image_position":"","ocean_post_title_bg_image_attachment":"","ocean_post_title_bg_image_repeat":"","ocean_post_title_bg_image_size":"","ocean_post_title_height":0,"ocean_post_title_bg_overlay":0.5,"ocean_post_title_bg_overlay_color":"","ocean_disable_breadcrumbs":"default","ocean_breadcrumbs_color":"","ocean_breadcrumbs_separator_color":"","ocean_breadcrumbs_links_color":"","ocean_breadcrumbs_links_hover_color":"","ocean_display_footer_widgets":"default","ocean_display_footer_bottom":"default","ocean_custom_footer_template":"","footnotes":""},"class_list":["post-383","page","type-page","status-publish","hentry","entry"],"yoast_head":"<!-- This site is optimized with the Yoast SEO plugin v27.4 - https:\/\/yoast.com\/product\/yoast-seo-wordpress\/ -->\n<title>Michel Leclerc - Polish Portrait - Michel Leclerc Photographer<\/title>\n<meta name=\"description\" content=\"Photographer Michel Leclerc discovers Poland the country of his ancestors and transmits his emotions through his polish photos.\" \/>\n<meta name=\"robots\" content=\"index, follow, max-snippet:-1, max-image-preview:large, max-video-preview:-1\" \/>\n<link rel=\"canonical\" href=\"https:\/\/leclercmichel.fr\/fr\/mon-portrait\/\" \/>\n<meta property=\"og:locale\" content=\"fr_FR\" \/>\n<meta property=\"og:type\" content=\"article\" \/>\n<meta property=\"og:title\" content=\"Michel Leclerc - Polish Portrait - Michel Leclerc Photographer\" \/>\n<meta property=\"og:description\" content=\"Photographer Michel Leclerc discovers Poland the country of his ancestors and transmits his emotions through his polish photos.\" \/>\n<meta property=\"og:url\" content=\"https:\/\/leclercmichel.fr\/fr\/mon-portrait\/\" \/>\n<meta property=\"og:site_name\" content=\"Michel Leclerc Photographer\" \/>\n<meta property=\"article:modified_time\" content=\"2022-01-02T11:26:01+00:00\" \/>\n<meta name=\"twitter:label1\" content=\"Dur\u00e9e de lecture estim\u00e9e\" \/>\n\t<meta name=\"twitter:data1\" content=\"1 minute\" \/>\n<script type=\"application\/ld+json\" class=\"yoast-schema-graph\">{\"@context\":\"https:\\\/\\\/schema.org\",\"@graph\":[{\"@type\":\"WebPage\",\"@id\":\"https:\\\/\\\/leclercmichel.fr\\\/fr\\\/mon-portrait\\\/\",\"url\":\"https:\\\/\\\/leclercmichel.fr\\\/fr\\\/mon-portrait\\\/\",\"name\":\"Michel Leclerc - Polish Portrait - Michel Leclerc Photographer\",\"isPartOf\":{\"@id\":\"https:\\\/\\\/leclercmichel.fr\\\/#website\"},\"datePublished\":\"2021-10-22T20:08:04+00:00\",\"dateModified\":\"2022-01-02T11:26:01+00:00\",\"description\":\"Photographer Michel Leclerc discovers Poland the country of his ancestors and transmits his emotions through his polish photos.\",\"inLanguage\":\"fr-FR\",\"potentialAction\":[{\"@type\":\"ReadAction\",\"target\":[\"https:\\\/\\\/leclercmichel.fr\\\/fr\\\/mon-portrait\\\/\"]}]},{\"@type\":\"WebSite\",\"@id\":\"https:\\\/\\\/leclercmichel.fr\\\/#website\",\"url\":\"https:\\\/\\\/leclercmichel.fr\\\/\",\"name\":\"Michel Leclerc Photographer\",\"description\":\"Refine your look with the photo\",\"publisher\":{\"@id\":\"https:\\\/\\\/leclercmichel.fr\\\/#\\\/schema\\\/person\\\/a3d4f956ff6003a1d5ed274fefcf0ff5\"},\"potentialAction\":[{\"@type\":\"SearchAction\",\"target\":{\"@type\":\"EntryPoint\",\"urlTemplate\":\"https:\\\/\\\/leclercmichel.fr\\\/?s={search_term_string}\"},\"query-input\":{\"@type\":\"PropertyValueSpecification\",\"valueRequired\":true,\"valueName\":\"search_term_string\"}}],\"inLanguage\":\"fr-FR\"},{\"@type\":[\"Person\",\"Organization\"],\"@id\":\"https:\\\/\\\/leclercmichel.fr\\\/#\\\/schema\\\/person\\\/a3d4f956ff6003a1d5ed274fefcf0ff5\",\"name\":\"Michel Leclerc\",\"image\":{\"@type\":\"ImageObject\",\"inLanguage\":\"fr-FR\",\"@id\":\"https:\\\/\\\/leclercmichel.fr\\\/wp-content\\\/uploads\\\/2021\\\/12\\\/michel-venise-2.jpg\",\"url\":\"https:\\\/\\\/leclercmichel.fr\\\/wp-content\\\/uploads\\\/2021\\\/12\\\/michel-venise-2.jpg\",\"contentUrl\":\"https:\\\/\\\/leclercmichel.fr\\\/wp-content\\\/uploads\\\/2021\\\/12\\\/michel-venise-2.jpg\",\"width\":1516,\"height\":1419,\"caption\":\"Michel Leclerc\"},\"logo\":{\"@id\":\"https:\\\/\\\/leclercmichel.fr\\\/wp-content\\\/uploads\\\/2021\\\/12\\\/michel-venise-2.jpg\"}}]}<\/script>\n<!-- \/ Yoast SEO plugin. -->","yoast_head_json":{"title":"Michel Leclerc - Polish Portrait - Michel Leclerc Photographer","description":"Photographer Michel Leclerc discovers Poland the country of his ancestors and transmits his emotions through his polish photos.","robots":{"index":"index","follow":"follow","max-snippet":"max-snippet:-1","max-image-preview":"max-image-preview:large","max-video-preview":"max-video-preview:-1"},"canonical":"https:\/\/leclercmichel.fr\/fr\/mon-portrait\/","og_locale":"fr_FR","og_type":"article","og_title":"Michel Leclerc - Polish Portrait - Michel Leclerc Photographer","og_description":"Photographer Michel Leclerc discovers Poland the country of his ancestors and transmits his emotions through his polish photos.","og_url":"https:\/\/leclercmichel.fr\/fr\/mon-portrait\/","og_site_name":"Michel Leclerc Photographer","article_modified_time":"2022-01-02T11:26:01+00:00","twitter_misc":{"Dur\u00e9e de lecture estim\u00e9e":"1 minute"},"schema":{"@context":"https:\/\/schema.org","@graph":[{"@type":"WebPage","@id":"https:\/\/leclercmichel.fr\/fr\/mon-portrait\/","url":"https:\/\/leclercmichel.fr\/fr\/mon-portrait\/","name":"Michel Leclerc - Polish Portrait - Michel Leclerc Photographer","isPartOf":{"@id":"https:\/\/leclercmichel.fr\/#website"},"datePublished":"2021-10-22T20:08:04+00:00","dateModified":"2022-01-02T11:26:01+00:00","description":"Photographer Michel Leclerc discovers Poland the country of his ancestors and transmits his emotions through his polish photos.","inLanguage":"fr-FR","potentialAction":[{"@type":"ReadAction","target":["https:\/\/leclercmichel.fr\/fr\/mon-portrait\/"]}]},{"@type":"WebSite","@id":"https:\/\/leclercmichel.fr\/#website","url":"https:\/\/leclercmichel.fr\/","name":"Michel Leclerc photographe","description":"Refine your look with the photo","publisher":{"@id":"https:\/\/leclercmichel.fr\/#\/schema\/person\/a3d4f956ff6003a1d5ed274fefcf0ff5"},"potentialAction":[{"@type":"SearchAction","target":{"@type":"EntryPoint","urlTemplate":"https:\/\/leclercmichel.fr\/?s={search_term_string}"},"query-input":{"@type":"PropertyValueSpecification","valueRequired":true,"valueName":"search_term_string"}}],"inLanguage":"fr-FR"},{"@type":["Person","Organization"],"@id":"https:\/\/leclercmichel.fr\/#\/schema\/person\/a3d4f956ff6003a1d5ed274fefcf0ff5","name":"Michel Leclerc","image":{"@type":"ImageObject","inLanguage":"fr-FR","@id":"https:\/\/leclercmichel.fr\/wp-content\/uploads\/2021\/12\/michel-venise-2.jpg","url":"https:\/\/leclercmichel.fr\/wp-content\/uploads\/2021\/12\/michel-venise-2.jpg","contentUrl":"https:\/\/leclercmichel.fr\/wp-content\/uploads\/2021\/12\/michel-venise-2.jpg","width":1516,"height":1419,"caption":"Michel Leclerc"},"logo":{"@id":"https:\/\/leclercmichel.fr\/wp-content\/uploads\/2021\/12\/michel-venise-2.jpg"}}]}},"_links":{"self":[{"href":"https:\/\/leclercmichel.fr\/fr\/wp-json\/wp\/v2\/pages\/383","targetHints":{"allow":["GET"]}}],"collection":[{"href":"https:\/\/leclercmichel.fr\/fr\/wp-json\/wp\/v2\/pages"}],"about":[{"href":"https:\/\/leclercmichel.fr\/fr\/wp-json\/wp\/v2\/types\/page"}],"author":[{"embeddable":true,"href":"https:\/\/leclercmichel.fr\/fr\/wp-json\/wp\/v2\/users\/1"}],"replies":[{"embeddable":true,"href":"https:\/\/leclercmichel.fr\/fr\/wp-json\/wp\/v2\/comments?post=383"}],"version-history":[{"count":0,"href":"https:\/\/leclercmichel.fr\/fr\/wp-json\/wp\/v2\/pages\/383\/revisions"}],"wp:attachment":[{"href":"https:\/\/leclercmichel.fr\/fr\/wp-json\/wp\/v2\/media?parent=383"}],"curies":[{"name":"wp","href":"https:\/\/api.w.org\/{rel}","templated":true}]}}